{"id":873,"date":"2020-08-13T09:14:21","date_gmt":"2020-08-13T07:14:21","guid":{"rendered":"http:\/\/new.stuns.se\/?page_id=873"},"modified":"2025-12-01T15:12:24","modified_gmt":"2025-12-01T14:12:24","slug":"stuns-energi-2","status":"publish","type":"page","link":"https:\/\/stuns.se\/en\/stuns-energi-2\/","title":{"rendered":"STUNS Energi"},"content":{"rendered":"<div id=\"fws_69e38c0a9857e\"  data-column-margin=\"default\" data-midnight=\"light\" data-top-percent=\"10%\" data-bottom-percent=\"15%\"  class=\"wpb_row vc_row-fluid vc_row full-width-section has-row-bg-color  shape_divider_phone_50px\"  style=\"padding-top: calc(100vw * 0.10); padding-bottom: calc(100vw * 0.15); --row-bg-color: #0f4a29;\"><div class=\"row-bg-wrap\" data-bg-animation=\"none\" data-bg-animation-delay=\"\" data-bg-overlay=\"true\"><div class=\"inner-wrap row-bg-layer\" ><div class=\"row-bg viewport-desktop using-bg-color\"  style=\"background-color: #0f4a29; \"><\/div><\/div><div class=\"row-bg-overlay row-bg-layer\" style=\"background-color:#0f4a29;  opacity: 0.95; \"><\/div><\/div><div class=\"nectar-shape-divider-wrap\" style=\" height:200px;\"  data-height=\"200\" data-front=\"\" data-style=\"curve\" data-position=\"bottom\" ><svg class=\"nectar-shape-divider\" aria-hidden=\"true\" fill=\"#ffffff\" xmlns=\"http:\/\/www.w3.org\/2000\/svg\" viewbox=\"0 0 1000 100\" preserveaspectratio=\"none\"> <path d=\"M 0 0 c 0 0 200 50 500 50 s 500 -50 500 -50 v 101 h -1000 v -100 z\"><\/path> <\/svg><\/div><div class=\"row_col_wrap_12 col span_12 light left\">\n\t<div style=\" color: #000000;\" class=\"vc_col-sm-12 wpb_column column_container vc_column_container col centered-text has-animation no-extra-padding inherit_tablet inherit_phone flex_gap_desktop_10px\" data-cfc=\"true\"  data-padding-pos=\"all\" data-has-bg-color=\"false\" data-bg-color=\"\" data-bg-opacity=\"1\" data-animation=\"flip-in-vertical\" data-delay=\"0\" >\n\t\t<div class=\"vc_column-inner\" >\n\t\t\t<div class=\"wpb_wrapper\">\n\t\t\t\t<div class=\"divider-wrap\" data-alignment=\"default\"><div style=\"height: 40px;\" class=\"divider\"><\/div><\/div>\n<div class=\"wpb_text_column wpb_content_element  titleunderpage\" >\n\t<h1 style=\"text-align: center;\">STUNS Energy<\/h1>\n<p>&nbsp;<\/p>\n<h2>Medverkar till nya l\u00f6sningar inom energi och milj\u00f6<\/h2>\n<\/div>\n\n\n\n\n\t\t\t<\/div> \n\t\t<\/div>\n\t<\/div> \n<\/div><\/div>\n\t\t<div id=\"fws_69e38c0a98cb4\"  data-column-margin=\"default\" data-midnight=\"light\" data-top-percent=\"5%\" data-bottom-percent=\"2%\"  class=\"wpb_row vc_row-fluid vc_row full-width-section parallax_section\"  style=\"padding-top: calc(100vw * 0.05); padding-bottom: calc(100vw * 0.02); \"><div class=\"row-bg-wrap\" data-bg-animation=\"none\" data-bg-animation-delay=\"\" data-bg-overlay=\"true\"><div class=\"inner-wrap row-bg-layer\" ><div class=\"row-bg viewport-desktop using-bg-color\" data-parallax-speed=\"fast\" style=\"background-color: #ffffff; \"><\/div><\/div><div class=\"row-bg-overlay row-bg-layer\" style=\"background-color:#ffffff;  opacity: 0.3; \"><\/div><\/div><div class=\"row_col_wrap_12 col span_12 light left\">\n\t<div  class=\"vc_col-sm-9 wpb_column column_container vc_column_container col no-extra-padding inherit_tablet inherit_phone flex_gap_desktop_10px\"  data-padding-pos=\"all\" data-has-bg-color=\"false\" data-bg-color=\"\" data-bg-opacity=\"1\" data-animation=\"\" data-delay=\"0\" >\n\t\t<div class=\"vc_column-inner\" >\n\t\t\t<div class=\"wpb_wrapper\">\n\t\t\t\t\n<div class=\"wpb_text_column wpb_content_element  vc_custom_1597302447327\" >\n\t<p><span style=\"color: black;\">Globala omv\u00e4rldsf\u00f6r\u00e4ndringar har st\u00f6pt om f\u00f6ruts\u00e4ttningarna f\u00f6r ekonomisk tillv\u00e4xt p\u00e5 ett s\u00e4tt som inte bara bef\u00e4ster energifr\u00e5gans betydelse, utan ocks\u00e5 ger den en delvis ny roll. Nyckeln till framg\u00e5ng ligger i att st\u00f6dja samverkan inom och mellan de system som utg\u00f6r basen f\u00f6r den regionala tillv\u00e4xten. Centralt f\u00f6r Uppsalaregionen \u00e4r att m\u00f6ta utmaningarna kring effektf\u00f6rs\u00f6rjning. De utg\u00f6r idag det sannolikt enskilt st\u00f6rsta hotet mot Uppsalaregionens fortsatta expansion, samtidigt som fr\u00e5gorna, r\u00e4tt hanterade, kan skapa m\u00e5nga positiva sidoeffekter i den regionala ekonomin.<\/span><\/p>\n<\/div>\n\n\n\n<div class=\"img-with-aniamtion-wrap\" data-max-width=\"100%\" data-max-width-mobile=\"default\" data-shadow=\"none\" data-animation=\"fade-in\" >\n      <div class=\"inner\">\n        <div class=\"hover-wrap\"> \n          <div class=\"hover-wrap-inner\">\n            <img loading=\"lazy\" decoding=\"async\" class=\"img-with-animation skip-lazy\" data-delay=\"0\" height=\"1443\" width=\"2560\" data-animation=\"fade-in\" src=\"https:\/\/stuns.se\/wp-content\/uploads\/2020\/08\/IMG_8875_2-scaled.jpg\" alt=\"\" srcset=\"https:\/\/stuns.se\/wp-content\/uploads\/2020\/08\/IMG_8875_2-scaled.jpg 2560w, https:\/\/stuns.se\/wp-content\/uploads\/2020\/08\/IMG_8875_2-300x169.jpg 300w, https:\/\/stuns.se\/wp-content\/uploads\/2020\/08\/IMG_8875_2-1024x577.jpg 1024w, https:\/\/stuns.se\/wp-content\/uploads\/2020\/08\/IMG_8875_2-768x433.jpg 768w, https:\/\/stuns.se\/wp-content\/uploads\/2020\/08\/IMG_8875_2-1536x866.jpg 1536w, https:\/\/stuns.se\/wp-content\/uploads\/2020\/08\/IMG_8875_2-2048x1155.jpg 2048w\" sizes=\"auto, (max-width: 2560px) 100vw, 2560px\" \/>\n          <\/div>\n        <\/div>\n        \n      <\/div>\n    <\/div>\n\t\t\t<\/div> \n\t\t<\/div>\n\t<\/div> \n\n\t<div  class=\"vc_col-sm-3 wpb_column column_container vc_column_container col no-extra-padding inherit_tablet inherit_phone flex_gap_desktop_10px\"  data-padding-pos=\"all\" data-has-bg-color=\"false\" data-bg-color=\"\" data-bg-opacity=\"1\" data-animation=\"\" data-delay=\"0\" >\n\t\t<div class=\"vc_column-inner\" >\n\t\t\t<div class=\"wpb_wrapper\">\n\t\t\t\t\n\t\t\t<\/div> \n\t\t<\/div>\n\t<\/div> \n<\/div><\/div>\n\t\t<div id=\"fws_69e38c0a9975f\"  data-column-margin=\"default\" data-midnight=\"light\" data-top-percent=\"5%\" data-bottom-percent=\"2%\"  class=\"wpb_row vc_row-fluid vc_row full-width-section parallax_section\"  style=\"padding-top: calc(100vw * 0.05); padding-bottom: calc(100vw * 0.02); \"><div class=\"row-bg-wrap\" data-bg-animation=\"none\" data-bg-animation-delay=\"\" data-bg-overlay=\"true\"><div class=\"inner-wrap row-bg-layer\" ><div class=\"row-bg viewport-desktop using-bg-color\" data-parallax-speed=\"fast\" style=\"background-color: #ffffff; \"><\/div><\/div><div class=\"row-bg-overlay row-bg-layer\" style=\"background-color:#ffffff;  opacity: 0.3; \"><\/div><\/div><div class=\"row_col_wrap_12 col span_12 light left\">\n\t<div  class=\"vc_col-sm-9 wpb_column column_container vc_column_container col no-extra-padding inherit_tablet inherit_phone flex_gap_desktop_10px\"  data-padding-pos=\"all\" data-has-bg-color=\"false\" data-bg-color=\"\" data-bg-opacity=\"1\" data-animation=\"\" data-delay=\"0\" >\n\t\t<div class=\"vc_column-inner\" >\n\t\t\t<div class=\"wpb_wrapper\">\n\t\t\t\t\n<div class=\"wpb_text_column wpb_content_element  vc_custom_1730289650788\" >\n\t<h2 style=\"color: #000000;\">Energifr\u00e5gan avg\u00f6rande f\u00f6r h\u00e5llbar regional tillv\u00e4xt<\/h2>\n<\/div>\n\n\n\n\n<div class=\"wpb_text_column wpb_content_element  vc_custom_1597303403911\" >\n\t<p><span style=\"color: black;\">Villkoren f\u00f6r regional tillv\u00e4xt och konkurrenskraft \u00e4r idag sammanfl\u00e4tade med en rad andra utvecklingsm\u00e5l som kan sammanfattas i begreppet \u201dh\u00e5llbar\u201d. Det fr\u00e4msta exemplet p\u00e5 de praktiska utmaningar som f\u00f6ljer av detta \u00e4r klimatfr\u00e5gan som utmanar de etablerade f\u00f6ruts\u00e4ttningarna f\u00f6r industriproduktion och ekonomisk tillv\u00e4xt.<\/span><\/p>\n<p><span style=\"color: black;\">Uppsalaregionen \u00e4r v\u00e4l positionerad f\u00f6r att bli en ledande utvecklingsnod i sk\u00e4rningspunkten h\u00e5llbar energi, h\u00e5llbar stadsutveckling och kamp mot klimatf\u00f6r\u00e4ndringarna. H\u00e4r har STUNS Energi med samsyn, framsyn, samverkan och samskapande som k\u00e4rnv\u00e4rden en viktig roll att fylla. R\u00e4tt hanterad kommer den tillv\u00e4xthotande effektbristen och det \u00f6vergripande klimatarbetet att vara en motor f\u00f6r nyskapande innovationer och framtidens f\u00f6retag och industrier. Detta skulle gynna svensk export samtidigt som det p\u00e5skyndar uppfyllandet av FN:s globala h\u00e5llbarhetsm\u00e5l.<\/span><\/p>\n<\/div>\n\n\n\n\n\t\t\t<\/div> \n\t\t<\/div>\n\t<\/div> \n<\/div><\/div>\n\t\t<div id=\"fws_69e38c0a99b67\"  data-column-margin=\"default\" data-midnight=\"light\" data-top-percent=\"5%\" data-bottom-percent=\"2%\"  class=\"wpb_row vc_row-fluid vc_row full-width-section parallax_section\"  style=\"padding-top: calc(100vw * 0.05); padding-bottom: calc(100vw * 0.02); \"><div class=\"row-bg-wrap\" data-bg-animation=\"none\" data-bg-animation-delay=\"\" data-bg-overlay=\"true\"><div class=\"inner-wrap row-bg-layer\" ><div class=\"row-bg viewport-desktop using-bg-color\" data-parallax-speed=\"fast\" style=\"background-color: #ffffff; \"><\/div><\/div><div class=\"row-bg-overlay row-bg-layer\" style=\"background-color:#ffffff;  opacity: 0.3; \"><\/div><\/div><div class=\"row_col_wrap_12 col span_12 light left\">\n\t<div  class=\"vc_col-sm-9 wpb_column column_container vc_column_container col no-extra-padding inherit_tablet inherit_phone flex_gap_desktop_10px\"  data-padding-pos=\"all\" data-has-bg-color=\"false\" data-bg-color=\"\" data-bg-opacity=\"1\" data-animation=\"\" data-delay=\"0\" >\n\t\t<div class=\"vc_column-inner\" >\n\t\t\t<div class=\"wpb_wrapper\">\n\t\t\t\t\n<div class=\"wpb_text_column wpb_content_element  vc_custom_1730289631694\" >\n\t<h2 style=\"color: #000000;\">Ledande testb\u00e4dd d\u00e4r innovativa l\u00f6sningar testas och utvecklas<\/h2>\n<\/div>\n\n\n\n\n<div class=\"wpb_text_column wpb_content_element  vc_custom_1730295647983\" >\n\t<p><span style=\"color: black;\">Allt utifr\u00e5n visionen att g\u00f6ra Uppsala till en ledande nod f\u00f6r samverkan inom energi- och milj\u00f6omr\u00e5det och en plats d\u00e4r nya tekniker, tj\u00e4nster och aff\u00e4rsmodeller installeras och pr\u00f6vas i ett brett systemperspektiv och med h\u00e5llbar ekonomisk tillv\u00e4xt som m\u00e5l. Det beh\u00f6vs l\u00f6sningar inom effekteffektivisering, energilagring och inte minst efterfr\u00e5geflexibilitet. L\u00e4get \u00e4r utmanande men medf\u00f6r ocks\u00e5 m\u00f6jligheter f\u00f6r innovation och systeml\u00f6sningar. Prioriterade fokusomr\u00e5den f\u00f6r STUNS Energi \u00e4r <\/span><span style=\"color: black;\">kompetensf\u00f6rs\u00f6rjning, <\/span><span style=\"color: black;\">innovation och entrepren\u00f6rskap, <\/span><span style=\"color: black;\">verifiering av systeml\u00f6sningar samt <\/span><span style=\"color: black;\">id\u00e9utveckling. <\/span><\/p>\n<\/div>\n\n\n\n\n\t\t\t<\/div> \n\t\t<\/div>\n\t<\/div> \n<\/div><\/div>\n\t\t<div id=\"fws_69e38c0a99e82\"  data-column-margin=\"default\" data-midnight=\"light\" data-top-percent=\"5%\" data-bottom-percent=\"2%\"  class=\"wpb_row vc_row-fluid vc_row full-width-section parallax_section\"  style=\"padding-top: calc(100vw * 0.05); padding-bottom: calc(100vw * 0.02); \"><div class=\"row-bg-wrap\" data-bg-animation=\"none\" data-bg-animation-delay=\"\" data-bg-overlay=\"true\"><div class=\"inner-wrap row-bg-layer\" ><div class=\"row-bg viewport-desktop using-bg-color\" data-parallax-speed=\"fast\" style=\"background-color: #ffffff; \"><\/div><\/div><div class=\"row-bg-overlay row-bg-layer\" style=\"background-color:#ffffff;  opacity: 0.3; \"><\/div><\/div><div class=\"row_col_wrap_12 col span_12 light left\">\n\t<div  class=\"vc_col-sm-9 wpb_column column_container vc_column_container col no-extra-padding inherit_tablet inherit_phone flex_gap_desktop_10px\"  data-padding-pos=\"all\" data-has-bg-color=\"false\" data-bg-color=\"\" data-bg-opacity=\"1\" data-animation=\"\" data-delay=\"0\" >\n\t\t<div class=\"vc_column-inner\" >\n\t\t\t<div class=\"wpb_wrapper\">\n\t\t\t\t\n<div class=\"wpb_text_column wpb_content_element  vc_custom_1730295257599\" >\n\t<h2 style=\"color: black;\">Exempel p\u00e5 strategiska insatser<\/h2>\n<\/div>\n\n\n\n\n<div class=\"wpb_text_column wpb_content_element\" >\n\t<p><span style=\"color: #000000;\">Genom \u00e5ren har verksamhetsomr\u00e5de Energi skapat flera strategiska insatser f\u00f6r att fr\u00e4mja samverkan och utveckling inom energiomr\u00e5det. Exempel p\u00e5 strategiska insatser \u00e4r Energy Stories d\u00e4r 100-150 universitetsstudenter \u00e5rligen genomf\u00f6r energirelaterade projekt hos f\u00f6retag och organisationer i Uppsalaregionen. Fler strategiska insatser som genomf\u00f6rts \u00e4r Energy PUB, Female Energy Evening och Svenska Solelm\u00e4ssan.<\/span><\/p>\n<\/div>\n\n\n\n<div class=\"divider-wrap\" data-alignment=\"default\"><div style=\"height: 40px;\" class=\"divider\"><\/div><\/div><div class=\"nectar-cta  text_hover_color_E74B5A border_radius_72px alignment_tablet_default alignment_phone_center display_tablet_inherit display_phone_inherit font_size_desktop_17px font_size_phone_16px\" data-color=\"default\" data-using-bg=\"false\" data-style=\"see-through\" data-display=\"block\" data-alignment=\"left\" data-text-color=\"custom\" style=\"margin-left: -12px; --nectar-text-color: #E74B5A; --nectar-button-color: var(--nectar-default); --nectar-text-color-hover: #E74B5A; --nectar-icon-gap: 10px; \"><h2 style=\"color: #E74B5A;\"> <span class=\"text\"> <\/span><span class=\"link_wrap\" style=\"padding-top: 15px; padding-right: 25px; padding-bottom: 15px; padding-left: 25px;\"><a target=\"_blank\" class=\"link_text\" role=\"button\" href=\"https:\/\/stunsenergi.se\/\">Vidare till Energi<span class=\"arrow\"><\/span><\/a><\/span><\/h2><\/div>\n\t\t\t<\/div> \n\t\t<\/div>\n\t<\/div> \n<\/div><\/div>","protected":false},"excerpt":{"rendered":"Verksamhetsomr\u00e5de Energi &nbsp; Medverkar till nya l\u00f6sningar inom energi och milj\u00f6 Globala omv\u00e4rldsf\u00f6r\u00e4ndringar har st\u00f6pt om f\u00f6ruts\u00e4ttningarna f\u00f6r ekonomisk tillv\u00e4xt p\u00e5 ett s\u00e4tt som inte bara bef\u00e4ster energifr\u00e5gans betydelse, utan...","protected":false},"author":8,"featured_media":0,"parent":0,"menu_order":0,"comment_status":"closed","ping_status":"closed","template":"","meta":{"footnotes":""},"class_list":["post-873","page","type-page","status-publish"],"yoast_head":"<!-- This site is optimized with the Yoast SEO plugin v27.4 - https:\/\/yoast.com\/product\/yoast-seo-wordpress\/ -->\n<title>STUNS Energi - STUNS<\/title>\n<meta name=\"description\" content=\"STUNS Energi medverkar till nya l\u00f6sningar inom energi och milj\u00f6 och till att utveckla regionen som en ledande testb\u00e4dd inom energi &amp; milj\u00f6.\" \/>\n<meta name=\"robots\" content=\"index, follow, max-snippet:-1, max-image-preview:large, max-video-preview:-1\" \/>\n<link rel=\"canonical\" href=\"https:\/\/stuns.se\/en\/stuns-energi-2\/\" \/>\n<meta property=\"og:locale\" content=\"en_US\" \/>\n<meta property=\"og:type\" content=\"article\" \/>\n<meta property=\"og:title\" content=\"STUNS Energi - STUNS\" \/>\n<meta property=\"og:description\" content=\"STUNS Energi medverkar till nya l\u00f6sningar inom energi och milj\u00f6 och till att utveckla regionen som en ledande testb\u00e4dd inom energi &amp; milj\u00f6.\" \/>\n<meta property=\"og:url\" content=\"https:\/\/stuns.se\/en\/stuns-energi-2\/\" \/>\n<meta property=\"og:site_name\" content=\"STUNS\" \/>\n<meta property=\"article:modified_time\" content=\"2025-12-01T14:12:24+00:00\" \/>\n<meta name=\"twitter:card\" content=\"summary_large_image\" \/>\n<meta name=\"twitter:label1\" content=\"Est. reading time\" \/>\n\t<meta name=\"twitter:data1\" content=\"9 minutes\" \/>\n<script type=\"application\/ld+json\" class=\"yoast-schema-graph\">{\"@context\":\"https:\\\/\\\/schema.org\",\"@graph\":[{\"@type\":\"WebPage\",\"@id\":\"https:\\\/\\\/stuns.se\\\/stuns-energi-2\\\/\",\"url\":\"https:\\\/\\\/stuns.se\\\/stuns-energi-2\\\/\",\"name\":\"STUNS Energi - STUNS\",\"isPartOf\":{\"@id\":\"https:\\\/\\\/stuns.se\\\/#website\"},\"datePublished\":\"2020-08-13T07:14:21+00:00\",\"dateModified\":\"2025-12-01T14:12:24+00:00\",\"description\":\"STUNS Energi medverkar till nya l\u00f6sningar inom energi och milj\u00f6 och till att utveckla regionen som en ledande testb\u00e4dd inom energi & milj\u00f6.\",\"breadcrumb\":{\"@id\":\"https:\\\/\\\/stuns.se\\\/stuns-energi-2\\\/#breadcrumb\"},\"inLanguage\":\"en-US\",\"potentialAction\":[{\"@type\":\"ReadAction\",\"target\":[\"https:\\\/\\\/stuns.se\\\/stuns-energi-2\\\/\"]}]},{\"@type\":\"BreadcrumbList\",\"@id\":\"https:\\\/\\\/stuns.se\\\/stuns-energi-2\\\/#breadcrumb\",\"itemListElement\":[{\"@type\":\"ListItem\",\"position\":1,\"name\":\"Hem\",\"item\":\"https:\\\/\\\/stuns.se\\\/\"},{\"@type\":\"ListItem\",\"position\":2,\"name\":\"STUNS Energi\"}]},{\"@type\":\"WebSite\",\"@id\":\"https:\\\/\\\/stuns.se\\\/#website\",\"url\":\"https:\\\/\\\/stuns.se\\\/\",\"name\":\"STUNS\",\"description\":\"Full kraft tillsammans\",\"publisher\":{\"@id\":\"https:\\\/\\\/stuns.se\\\/#organization\"},\"potentialAction\":[{\"@type\":\"SearchAction\",\"target\":{\"@type\":\"EntryPoint\",\"urlTemplate\":\"https:\\\/\\\/stuns.se\\\/?s={search_term_string}\"},\"query-input\":{\"@type\":\"PropertyValueSpecification\",\"valueRequired\":true,\"valueName\":\"search_term_string\"}}],\"inLanguage\":\"en-US\"},{\"@type\":\"Organization\",\"@id\":\"https:\\\/\\\/stuns.se\\\/#organization\",\"name\":\"STUNS\",\"url\":\"https:\\\/\\\/stuns.se\\\/\",\"logo\":{\"@type\":\"ImageObject\",\"inLanguage\":\"en-US\",\"@id\":\"https:\\\/\\\/stuns.se\\\/#\\\/schema\\\/logo\\\/image\\\/\",\"url\":\"https:\\\/\\\/stuns.se\\\/wp-content\\\/uploads\\\/2019\\\/12\\\/STUNS_Logotype.png\",\"contentUrl\":\"https:\\\/\\\/stuns.se\\\/wp-content\\\/uploads\\\/2019\\\/12\\\/STUNS_Logotype.png\",\"width\":500,\"height\":136,\"caption\":\"STUNS\"},\"image\":{\"@id\":\"https:\\\/\\\/stuns.se\\\/#\\\/schema\\\/logo\\\/image\\\/\"},\"sameAs\":[\"https:\\\/\\\/se.linkedin.com\\\/company\\\/stuns\"]}]}<\/script>\n<!-- \/ Yoast SEO plugin. -->","yoast_head_json":{"title":"STUNS Energi - STUNS","description":"STUNS Energi medverkar till nya l\u00f6sningar inom energi och milj\u00f6 och till att utveckla regionen som en ledande testb\u00e4dd inom energi & milj\u00f6.","robots":{"index":"index","follow":"follow","max-snippet":"max-snippet:-1","max-image-preview":"max-image-preview:large","max-video-preview":"max-video-preview:-1"},"canonical":"https:\/\/stuns.se\/en\/stuns-energi-2\/","og_locale":"en_US","og_type":"article","og_title":"STUNS Energi - STUNS","og_description":"STUNS Energi medverkar till nya l\u00f6sningar inom energi och milj\u00f6 och till att utveckla regionen som en ledande testb\u00e4dd inom energi & milj\u00f6.","og_url":"https:\/\/stuns.se\/en\/stuns-energi-2\/","og_site_name":"STUNS","article_modified_time":"2025-12-01T14:12:24+00:00","twitter_card":"summary_large_image","twitter_misc":{"Est. reading time":"9 minutes"},"schema":{"@context":"https:\/\/schema.org","@graph":[{"@type":"WebPage","@id":"https:\/\/stuns.se\/stuns-energi-2\/","url":"https:\/\/stuns.se\/stuns-energi-2\/","name":"STUNS Energi - STUNS","isPartOf":{"@id":"https:\/\/stuns.se\/#website"},"datePublished":"2020-08-13T07:14:21+00:00","dateModified":"2025-12-01T14:12:24+00:00","description":"STUNS Energi medverkar till nya l\u00f6sningar inom energi och milj\u00f6 och till att utveckla regionen som en ledande testb\u00e4dd inom energi & milj\u00f6.","breadcrumb":{"@id":"https:\/\/stuns.se\/stuns-energi-2\/#breadcrumb"},"inLanguage":"en-US","potentialAction":[{"@type":"ReadAction","target":["https:\/\/stuns.se\/stuns-energi-2\/"]}]},{"@type":"BreadcrumbList","@id":"https:\/\/stuns.se\/stuns-energi-2\/#breadcrumb","itemListElement":[{"@type":"ListItem","position":1,"name":"Hem","item":"https:\/\/stuns.se\/"},{"@type":"ListItem","position":2,"name":"STUNS Energi"}]},{"@type":"WebSite","@id":"https:\/\/stuns.se\/#website","url":"https:\/\/stuns.se\/","name":"STUNS","description":"Full kraft tillsammans","publisher":{"@id":"https:\/\/stuns.se\/#organization"},"potentialAction":[{"@type":"SearchAction","target":{"@type":"EntryPoint","urlTemplate":"https:\/\/stuns.se\/?s={search_term_string}"},"query-input":{"@type":"PropertyValueSpecification","valueRequired":true,"valueName":"search_term_string"}}],"inLanguage":"en-US"},{"@type":"Organization","@id":"https:\/\/stuns.se\/#organization","name":"STUNS","url":"https:\/\/stuns.se\/","logo":{"@type":"ImageObject","inLanguage":"en-US","@id":"https:\/\/stuns.se\/#\/schema\/logo\/image\/","url":"https:\/\/stuns.se\/wp-content\/uploads\/2019\/12\/STUNS_Logotype.png","contentUrl":"https:\/\/stuns.se\/wp-content\/uploads\/2019\/12\/STUNS_Logotype.png","width":500,"height":136,"caption":"STUNS"},"image":{"@id":"https:\/\/stuns.se\/#\/schema\/logo\/image\/"},"sameAs":["https:\/\/se.linkedin.com\/company\/stuns"]}]}},"_links":{"self":[{"href":"https:\/\/stuns.se\/en\/wp-json\/wp\/v2\/pages\/873","targetHints":{"allow":["GET"]}}],"collection":[{"href":"https:\/\/stuns.se\/en\/wp-json\/wp\/v2\/pages"}],"about":[{"href":"https:\/\/stuns.se\/en\/wp-json\/wp\/v2\/types\/page"}],"author":[{"embeddable":true,"href":"https:\/\/stuns.se\/en\/wp-json\/wp\/v2\/users\/8"}],"replies":[{"embeddable":true,"href":"https:\/\/stuns.se\/en\/wp-json\/wp\/v2\/comments?post=873"}],"version-history":[{"count":41,"href":"https:\/\/stuns.se\/en\/wp-json\/wp\/v2\/pages\/873\/revisions"}],"predecessor-version":[{"id":2179,"href":"https:\/\/stuns.se\/en\/wp-json\/wp\/v2\/pages\/873\/revisions\/2179"}],"wp:attachment":[{"href":"https:\/\/stuns.se\/en\/wp-json\/wp\/v2\/media?parent=873"}],"curies":[{"name":"wp","href":"https:\/\/api.w.org\/{rel}","templated":true}]}}